{"id":9267,"date":"2021-11-29T17:27:32","date_gmt":"2021-11-29T17:27:32","guid":{"rendered":"https:\/\/tomarnatural.pt\/?page_id=9267"},"modified":"2021-12-02T19:21:00","modified_gmt":"2021-12-02T19:21:00","slug":"promo-cupon-natal","status":"publish","type":"page","link":"https:\/\/tomarnatural.pt\/en\/promo-cupon-natal\/","title":{"rendered":"Promo Cupon &#8211; Natal"},"content":{"rendered":"<div id=\"fws_69e1bce069986\"  data-column-margin=\"none\" data-midnight=\"custom\" data-top-percent=\"15%\" data-bottom-percent=\"15%\"  class=\"wpb_row vc_row-fluid vc_row full-width-section parallax_section top_padding_tablet_30pct top_padding_phone_40pct bottom_padding_tablet_30pct bottom_padding_phone_40pct\"  style=\"padding-top: calc(100vw * 0.15); padding-bottom: calc(100vw * 0.15); \"><div class=\"row-bg-wrap\" data-bg-animation=\"zoom-out\" data-bg-animation-delay=\"\" data-bg-overlay=\"true\"><div class=\"inner-wrap row-bg-layer using-image\" ><div class=\"row-bg viewport-desktop using-image using-bg-color\" data-parallax-speed=\"fast\" style=\"background-image: url(https:\/\/tomarnatural.pt\/wp-content\/uploads\/2021\/12\/tomarnatural-natal-spirulina-2-scaled-e1638472703439.jpg); background-position: 40% 100%; background-repeat: no-repeat; background-color: #9fc5d0; \"><\/div><\/div><div class=\"row-bg-overlay row-bg-layer\" style=\"background-color:#000000;  opacity: 0.3; \"><\/div><\/div><div class=\"row_col_wrap_12 col span_12 custom left\">\n\t<div  class=\"vc_col-sm-12 wpb_column column_container vc_column_container col centered-text no-extra-padding force-phone-text-align-center el_spacing_0px inherit_tablet inherit_phone\"  data-padding-pos=\"all\" data-has-bg-color=\"false\" data-bg-color=\"\" data-bg-opacity=\"1\" data-animation=\"\" data-delay=\"0\" >\n\t\t<div class=\"vc_column-inner\" >\n\t\t\t<div class=\"wpb_wrapper\">\n\t\t\t\t<div id=\"fws_69e1bce069e58\" data-midnight=\"\" data-column-margin=\"default\" class=\"wpb_row vc_row-fluid vc_row inner_row\"  style=\" z-index: 20;\"><div class=\"row-bg-wrap\"> <div class=\"row-bg\" ><\/div> <\/div><div class=\"row_col_wrap_12_inner col span_12  left\">\n\t<div style=\" color: #ffffff;\" class=\"vc_col-sm-12 wpb_column column_container vc_column_container col child_column has-animation no-extra-padding el_spacing_0px inherit_tablet inherit_phone\" data-cfc=\"true\"  data-padding-pos=\"all\" data-has-bg-color=\"false\" data-bg-color=\"\" data-bg-opacity=\"1\" data-animation=\"fade-in-from-bottom\" data-delay=\"650\" >\n\t\t<div class=\"vc_column-inner\" >\n\t\t<div class=\"wpb_wrapper\">\n\t\t\t<div class=\"nectar-cta  alignment_tablet_default alignment_phone_default display_tablet_inherit display_phone_inherit\" data-color=\"accent-color\" data-using-bg=\"true\" data-style=\"basic\" data-display=\"block\" data-alignment=\"center\" data-text-color=\"custom\" style=\"margin-top: 30px; margin-bottom: 20px;  --nectar-text-color: #ffffff; --nectar-button-color: var(--nectar-accent-color); --nectar-icon-gap: 10px; \"><h4 style=\"color: #ffffff;\"><span class=\"link_wrap\" ><a  class=\"link_text\" role=\"button\" href=\"https:\/\/tomarnatural.pt\/en\/loja\/\"><span class=\"text\">Insira o C\u00d3DIGO do cup\u00e3o \"santaspirulina\" para envio GR\u00c1TIS. - Compre Agora -<\/span><\/a><\/span><\/h4><\/div>\n\t\t<\/div> \n\t<\/div>\n\t<\/div> \n<\/div><\/div><div id=\"fws_69e1bce06a3b3\" data-midnight=\"\" data-column-margin=\"default\" class=\"wpb_row vc_row-fluid vc_row inner_row\"  style=\" z-index: 20;\"><div class=\"row-bg-wrap\"> <div class=\"row-bg\" ><\/div> <\/div><div class=\"row_col_wrap_12_inner col span_12  left\">\n\t<div style=\" color: #ffffff;\" class=\"vc_col-sm-12 wpb_column column_container vc_column_container col child_column no-extra-padding el_spacing_0px inherit_tablet inherit_phone\" data-cfc=\"true\"  data-padding-pos=\"all\" data-has-bg-color=\"false\" data-bg-color=\"\" data-bg-opacity=\"1\" data-animation=\"\" data-delay=\"0\" >\n\t\t<div class=\"vc_column-inner\" >\n\t\t<div class=\"wpb_wrapper\">\n\t\t\t<div class=\"nectar-split-heading  font_size_10vh\" data-align=\"default\" data-m-align=\"inherit\" data-text-effect=\"default\" data-animation-type=\"line-reveal-by-space\" data-animation-delay=\"200\" data-animation-offset=\"\" data-m-rm-animation=\"\" data-stagger=\"true\" data-custom-font-size=\"true\" style=\"font-size: 10vh; line-height: 11vh;\"><h1 >Este Natal ofere\u00e7a bem-estar.<\/h1><\/div><div class=\"col span_12 section-title text-align-center extra-padding\"><h2>\n<h3>Na compra de duas ou mais embalagens, receba um sabonete de Mel Verde, &#8220;CURA by Lorena\u201d<\/h3>\n<p>Uma mistura de Mel Biol\u00f3gico, Spirulina Artesanal e Lim\u00e3o, enriquece esta f\u00f3rmula de Sabonete pensada especialmente para peles semi-maduras mas que n\u00e3o s\u00e3o excessivamente secas. As propriedades \u00fanicas da microalga Spirulina associadas \u00e0s caracter\u00edsticas do Mel e ao poder inato do Lim\u00e3o promovem ainda mais a elasticidade e o rejuvenescimento dos tecidos da pele.<\/h2><\/div><div class=\"clear\"><\/div>\n\t\t<\/div> \n\t<\/div>\n\t<\/div> \n<\/div><\/div>\n\t\t\t<\/div> \n\t\t<\/div>\n\t<\/div> \n<\/div><\/div>","protected":false},"excerpt":{"rendered":"Insira o C\u00d3DIGO do cup\u00e3o \"santaspirulina\" para envio GR\u00c1TIS. - Compre Agora - Este Natal ofere\u00e7a bem-estar. Na compra de duas ou mais embalagens, receba um sabonete de Mel Verde,...","protected":false},"author":1,"featured_media":0,"parent":0,"menu_order":0,"comment_status":"closed","ping_status":"closed","template":"","meta":{"_monsterinsights_skip_tracking":false,"_monsterinsights_sitenote_active":false,"_monsterinsights_sitenote_note":"","_monsterinsights_sitenote_category":0,"footnotes":""},"class_list":["post-9267","page","type-page","status-publish"],"jetpack_sharing_enabled":true,"_links":{"self":[{"href":"https:\/\/tomarnatural.pt\/en\/wp-json\/wp\/v2\/pages\/9267","targetHints":{"allow":["GET"]}}],"collection":[{"href":"https:\/\/tomarnatural.pt\/en\/wp-json\/wp\/v2\/pages"}],"about":[{"href":"https:\/\/tomarnatural.pt\/en\/wp-json\/wp\/v2\/types\/page"}],"author":[{"embeddable":true,"href":"https:\/\/tomarnatural.pt\/en\/wp-json\/wp\/v2\/users\/1"}],"replies":[{"embeddable":true,"href":"https:\/\/tomarnatural.pt\/en\/wp-json\/wp\/v2\/comments?post=9267"}],"version-history":[{"count":20,"href":"https:\/\/tomarnatural.pt\/en\/wp-json\/wp\/v2\/pages\/9267\/revisions"}],"predecessor-version":[{"id":9292,"href":"https:\/\/tomarnatural.pt\/en\/wp-json\/wp\/v2\/pages\/9267\/revisions\/9292"}],"wp:attachment":[{"href":"https:\/\/tomarnatural.pt\/en\/wp-json\/wp\/v2\/media?parent=9267"}],"curies":[{"name":"wp","href":"https:\/\/api.w.org\/{rel}","templated":true}]}}