{"id":9062,"date":"2021-08-16T11:43:18","date_gmt":"2021-08-16T11:43:18","guid":{"rendered":"https:\/\/tomarnatural.pt\/?page_id=9062"},"modified":"2021-10-04T18:27:36","modified_gmt":"2021-10-04T18:27:36","slug":"como-se-cultiva-spirulina-na-tomar-natural","status":"publish","type":"page","link":"https:\/\/tomarnatural.pt\/en\/como-se-cultiva-spirulina-na-tomar-natural\/","title":{"rendered":"Como se cultiva Spirulina na Tomar Natural"},"content":{"rendered":"<div id=\"fws_69e390f405bb7\"  data-column-margin=\"default\" data-midnight=\"light\" data-top-percent=\"4%\" data-bottom-percent=\"19%\"  class=\"wpb_row vc_row-fluid vc_row full-width-section parallax_section\"  style=\"padding-top: calc(100vw * 0.04); padding-bottom: calc(100vw * 0.19); \"><div class=\"row-bg-wrap\" data-bg-animation=\"none\" data-bg-animation-delay=\"\" data-bg-overlay=\"true\"><div class=\"inner-wrap row-bg-layer using-image\" ><div class=\"row-bg viewport-desktop using-image using-bg-color\" data-parallax-speed=\"fast\" style=\"background-image: url(https:\/\/tomarnatural.pt\/wp-content\/uploads\/2021\/10\/tomarnatural-abertura-do-metodo-de-producao-scaled.jpg); background-position: center top; background-repeat: no-repeat; background-color: #15adb2; \"><\/div><\/div><div class=\"row-bg-overlay row-bg-layer\" style=\"background: rgba(21,173,178,0.94); background: linear-gradient(45deg,rgba(21,173,178,0.94) 0%,rgba(0,249,8,0.71) 100%);  opacity: 0.5; \"><\/div><\/div><div class=\"nectar-shape-divider-wrap no-color\" style=\" height:350px;\"  data-height=\"350\" data-front=\"\" data-style=\"waves_opacity_alt\" data-position=\"bottom\" ><svg class=\"nectar-shape-divider\" aria-hidden=\"true\" fill=\"\" xmlns=\"http:\/\/www.w3.org\/2000\/svg\" viewbox=\"0 0 1000 300\" preserveaspectratio=\"none\">\n          <path d=\"M 1000 299 l 2 -279 c -155 -36 -310 135 -415 164 c -102.64 28.35 -149 -32 -232 -31 c -80 1 -142 53 -229 80 c -65.54 20.34 -101 15 -126 11.61 v 54.39 z\"><\/path> <path d=\"M 1000 286 l 2 -252 c -157 -43 -302 144 -405 178 c -101.11 33.38 -159 -47 -242 -46 c -80 1 -145.09 54.07 -229 87 c -65.21 25.59 -104.07 16.72 -126 10.61 v 22.39 z\"><\/path> <path d=\"M 1000 300 l 1 -230.29 c -217 -12.71 -300.47 129.15 -404 156.29 c -103 27 -174 -30 -257 -29 c -80 1 -130.09 37.07 -214 70 c -61.23 24 -108 15.61 -126 10.61 v 22.39 z\"><\/path>\n           <\/svg><\/div><div class=\"row_col_wrap_12 col span_12 light left\">\n\t<div  class=\"vc_col-sm-6 wpb_column column_container vc_column_container col no-extra-padding inherit_tablet inherit_phone\"  data-padding-pos=\"all\" data-has-bg-color=\"false\" data-bg-color=\"\" data-bg-opacity=\"1\" data-animation=\"\" data-delay=\"0\" >\n\t\t<div class=\"vc_column-inner\" >\n\t\t\t<div class=\"wpb_wrapper\">\n\t\t\t\t<div class=\"nectar-split-heading\" data-align=\"default\" data-m-align=\"inherit\" data-text-effect=\"default\" data-animation-type=\"default\" data-animation-delay=\"0\" data-animation-offset=\"\" data-m-rm-animation=\"\" data-stagger=\"\" data-custom-font-size=\"false\" ><div class=\"heading-line\" > <div><h1>Como se cultiva a Spirulina na Tomar Natural:<\/h1> <\/div> <\/div><\/div><div id=\"fws_69e390f40636e\" data-midnight=\"\" data-column-margin=\"default\" class=\"wpb_row vc_row-fluid vc_row inner_row\"  style=\"\"><div class=\"row-bg-wrap\"> <div class=\"row-bg\" ><\/div> <\/div><div class=\"row_col_wrap_12_inner col span_12  left\">\n\t<div  class=\"vc_col-sm-9 wpb_column column_container vc_column_container col child_column has-animation no-extra-padding inherit_tablet inherit_phone\"   data-padding-pos=\"all\" data-has-bg-color=\"false\" data-bg-color=\"\" data-bg-opacity=\"1\" data-animation=\"fade-in-from-bottom\" data-delay=\"200\" >\n\t\t<div class=\"vc_column-inner\" >\n\t\t<div class=\"wpb_wrapper\">\n\t\t\t<h4 style=\"font-size: 20px;color: rgba(255,255,255,0.7);line-height: 36px;text-align: left;font-family:Roboto;font-weight:500;font-style:normal\" class=\"vc_custom_heading vc_do_custom_heading\" >A produ\u00e7\u00e3o de Spirulina Artesanal \u00e9 a primeira atividade da Tomar Natural. A nossa prioridade \u00e9 cuidar da sua qualidade, de modo a manter intactas as suas propriedades nutricionais \u00fanicas.<\/h4>\n\t\t<\/div> \n\t<\/div>\n\t<\/div> \n\n\t<div  class=\"vc_col-sm-3 wpb_column column_container vc_column_container col child_column has-animation no-extra-padding inherit_tablet inherit_phone\"   data-padding-pos=\"all\" data-has-bg-color=\"false\" data-bg-color=\"\" data-bg-opacity=\"1\" data-animation=\"fade-in-from-bottom\" data-delay=\"300\" >\n\t\t<div class=\"vc_column-inner\" >\n\t\t<div class=\"wpb_wrapper\">\n\t\t\t\n\t\t<\/div> \n\t<\/div>\n\t<\/div> \n<\/div><\/div><div id=\"fws_69e390f406d71\" data-midnight=\"\" data-column-margin=\"default\" class=\"wpb_row vc_row-fluid vc_row inner_row\"  style=\"\"><div class=\"row-bg-wrap\"> <div class=\"row-bg\" ><\/div> <\/div><div class=\"row_col_wrap_12_inner col span_12  left\">\n\t<div  class=\"vc_col-sm-12 wpb_column column_container vc_column_container col child_column has-animation no-extra-padding inherit_tablet inherit_phone\"   data-padding-pos=\"all\" data-has-bg-color=\"false\" data-bg-color=\"\" data-bg-opacity=\"1\" data-animation=\"fade-in-from-bottom\" data-delay=\"400\" >\n\t\t<div class=\"vc_column-inner\" >\n\t\t<div class=\"wpb_wrapper\">\n\t\t\t<a class=\"nectar-button large see-through-2\"  role=\"button\" style=\"margin-top: 30px; border-color: #ffffff; color: #ffffff;\"  href=\"https:\/\/tomarnatural.pt\/en\/#Contactos\" data-color-override=\"#ffffff\"  data-hover-color-override=\"#ffffff\" data-hover-text-color-override=\"#000000\"><span>Marque a sua visita.<\/span><\/a>\n\t\t<\/div> \n\t<\/div>\n\t<\/div> \n<\/div><\/div>\n\t\t\t<\/div> \n\t\t<\/div>\n\t<\/div> \n\n\t<div  class=\"vc_col-sm-6 wpb_column column_container vc_column_container col no-extra-padding inherit_tablet inherit_phone\"  data-padding-pos=\"all\" data-has-bg-color=\"false\" data-bg-color=\"\" data-bg-opacity=\"1\" data-animation=\"\" data-delay=\"0\" >\n\t\t<div class=\"vc_column-inner\" >\n\t\t\t<div class=\"wpb_wrapper\">\n\t\t\t\t\n\t\t\t<\/div> \n\t\t<\/div>\n\t<\/div> \n<\/div><\/div>\n\t\t<div id=\"about-text\"  data-column-margin=\"default\" data-midnight=\"dark\" data-top-percent=\"8%\" data-bottom-percent=\"7%\"  class=\"wpb_row vc_row-fluid vc_row full-width-section has-row-bg-color\"  style=\"padding-top: calc(100vw * 0.08); padding-bottom: calc(100vw * 0.07); --row-bg-color: #ffffff;\"><div class=\"row-bg-wrap\" data-bg-animation=\"none\" data-bg-animation-delay=\"\" data-bg-overlay=\"false\"><div class=\"inner-wrap row-bg-layer\" ><div class=\"row-bg viewport-desktop using-bg-color\"  style=\"background-color: #ffffff; \"><\/div><\/div><\/div><div class=\"row_col_wrap_12 col span_12 dark left\">\n\t<div  class=\"vc_col-sm-12 wpb_column column_container vc_column_container col has-animation no-extra-padding inherit_tablet inherit_phone\"  data-padding-pos=\"all\" data-has-bg-color=\"false\" data-bg-color=\"\" data-bg-opacity=\"1\" data-animation=\"fade-in-from-bottom\" data-delay=\"0\" >\n\t\t<div class=\"vc_column-inner\" >\n\t\t\t<div class=\"wpb_wrapper\">\n\t\t\t\t\n<div class=\"wpb_text_column wpb_content_element  vc_custom_1629127766614\" >\n\t<h2 style=\"text-align: left;\">Beneficiamos de factores externos que acreditamos contribu\u00edrem determinantemente para a qualidade da nossa Spirulina:<\/h2>\n<\/div>\n\n\n\n<div id=\"fws_69e390f40812f\" data-midnight=\"\" data-column-margin=\"default\" class=\"wpb_row vc_row-fluid vc_row inner_row\"  style=\"\"><div class=\"row-bg-wrap\"> <div class=\"row-bg\" ><\/div> <\/div><div class=\"row_col_wrap_12_inner col span_12  left\">\n\t<div  class=\"vc_col-sm-6 wpb_column column_container vc_column_container col child_column has-animation padding-3-percent inherit_tablet inherit_phone\"   data-padding-pos=\"top-bottom\" data-has-bg-color=\"false\" data-bg-color=\"\" data-bg-opacity=\"1\" data-animation=\"fade-in-from-bottom\" data-delay=\"0\" >\n\t\t<div class=\"vc_column-inner\" >\n\t\t<div class=\"wpb_wrapper\">\n\t\t\t\n<div class=\"wpb_text_column wpb_content_element  vc_custom_1629121813404\" >\n\t<ul>\n<li>a nossa Unidade de Produ\u00e7\u00e3o est\u00e1 integrada e envolvida numa \u00e1rea agroflorestal vasta, na qual se realizam pr\u00e1ticas agr\u00edcolas respeitadoras do ambiente e da biodiversidade.<\/li>\n<\/ul>\n<\/div>\n\n\n\n\n\t\t<\/div> \n\t<\/div>\n\t<\/div> \n\n\t<div  class=\"vc_col-sm-6 wpb_column column_container vc_column_container col child_column has-animation padding-3-percent inherit_tablet inherit_phone\"   data-padding-pos=\"top-bottom\" data-has-bg-color=\"false\" data-bg-color=\"\" data-bg-opacity=\"1\" data-animation=\"fade-in-from-bottom\" data-delay=\"100\" >\n\t\t<div class=\"vc_column-inner\" >\n\t\t<div class=\"wpb_wrapper\">\n\t\t\t\n<div class=\"wpb_text_column wpb_content_element  vc_custom_1629121821685\" >\n\t<ul>\n<li>a \u00e1gua utilizada na produ\u00e7\u00e3o da Spirulina \u00e9 captada perto da na nossa Unidade de Produ\u00e7\u00e3o, \u00e9 regularmente analisada e demonstra ter os padr\u00f5es de qualidade adequados \u00e0 mesma.<\/li>\n<\/ul>\n<\/div>\n\n\n\n\n\t\t<\/div> \n\t<\/div>\n\t<\/div> \n<\/div><\/div>\n<div class=\"wpb_text_column wpb_content_element  wpb_animate_when_almost_visible wpb_fadeInUp fadeInUp\" >\n\t<h3 style=\"text-align: center;\">Mas, acima de tudo priorizamos o cuidado no processo produtivo!<\/h3>\n<\/div>\n\n\n\n<div class=\"divider-wrap\" data-alignment=\"default\"><div style=\"height: 30px;\" class=\"divider\"><\/div><\/div><div class=\"nectar-highlighted-text\" data-style=\"half_text\" data-exp=\"default\" data-user-color=\"true\" style=\"color: #15adb2;\" data-using-custom-color=\"true\" data-animation-delay=\"150\" data-color=\"#15adb2\" data-color-gradient=\"#00f77b\"><h2 style=\"text-align: center\"><strong>Os 8 Passos da Produ\u00e7\u00e3o:<\/strong><\/h2>\n<\/div><div class=\"divider-wrap\" data-alignment=\"default\"><div style=\"height: 30px;\" class=\"divider\"><\/div><\/div><div class=\"nectar-flickity not-initialized nectar-carousel tb-spacing-0\" data-centered-cells=\"false\" data-pause-on-hover=\"\" data-touch-icon-color=\"default\" data-control-color=\"default\" data-overflow=\"visible\" data-r-bottom-total=\"true\" data-drag-scale=\"true\" data-wrap=\"no-wrap\" data-spacing=\"15px\" data-controls=\"touch_total\" data-pagination-alignment=\"default\" data-adaptive-height=\"\" data-border-radius=\"none\" data-column-border=\"\" data-column-padding=\"0\" data-format=\"default\" data-autoplay=\"true\" data-autoplay-dur=\"8000\" data-control-style=\"material_pagination\" data-desktop-columns=\"4\" data-small-desktop-columns=\"3\" data-tablet-columns=\"2\" data-phone-columns=\"1\" data-column-color=\"\"><div class=\"flickity-viewport\"> <div class=\"flickity-slider\"><div class=\"cell\"><div class=\"inner-wrap-outer\"><div class=\"inner-wrap\" ><div class=\"nectar-fancy-box nectar-underline using-img  has-animation content-color-5e5e5e aspect-4-5\"  data-style=\"image_above_text_underline\" data-border-radius=\"default\" data-animation=\"fade-in-from-right\" data-delay=\"0\" data-alignment=\"left\"><div class=\"image-wrap\"><div class=\"box-bg\" role=\"presentation\"  style=\"background-image: url('https:\/\/tomarnatural.pt\/wp-content\/uploads\/2021\/08\/Cultivo-Spirulina-Tomar-Natural-foto-A-1024x683.jpg'); \"><\/div><\/div>\n\t\t<div class=\"text\"><strong>1.<\/strong> O processo produtivo consiste na reprodu\u00e7\u00e3o da Spirulina, em tanques de \u00e1gua em circula\u00e7\u00e3o (com a utiliza\u00e7\u00e3o de rodas de p\u00e1s). \u00a0A agita\u00e7\u00e3o suave do meio de cultura, contribui para um\u00a0 melhor desenvolvimento da Spirulina, favorecendo o contato com a luz solar e tamb\u00e9m rea\u00e7\u00f5es de fotoss\u00edntese. A intensa cor verde \u00e9 sinal de uma cultura saud\u00e1vel com alta concentra\u00e7\u00e3o de Spirulina.<\/div> \n\t\t<\/div><\/div><\/div><\/div><div class=\"cell\"><div class=\"inner-wrap-outer\"><div class=\"inner-wrap\" ><div class=\"nectar-fancy-box nectar-underline using-img  has-animation content-color-5e5e5e aspect-4-5\"  data-style=\"image_above_text_underline\" data-border-radius=\"default\" data-animation=\"fade-in-from-right\" data-delay=\"0\" data-alignment=\"left\"><div class=\"image-wrap\"><div class=\"box-bg\" role=\"presentation\"  style=\"background-image: url('https:\/\/tomarnatural.pt\/wp-content\/uploads\/2021\/08\/b-1024x576.jpg'); \"><\/div><\/div>\n\t\t<div class=\"text\"><strong>2.<\/strong> O meio de cultura \u00e9 colhido dos tanques, bombeado atrav\u00e9s de tubagem de qualidade alimentar e encaminhado at\u00e9 a uma m\u00e1quina filtradora localizada na sala de produ\u00e7\u00e3o. Por meio de uma tela, esta m\u00e1quina filtra e ret\u00e9m a biomassa h\u00famida, separando-a do meio de cultura o qual regressa aos tanques para continuar a reprodu\u00e7\u00e3o.<\/div> \n\t\t<\/div><\/div><\/div><\/div><div class=\"cell\"><div class=\"inner-wrap-outer\"><div class=\"inner-wrap\" ><div class=\"nectar-fancy-box nectar-underline using-img  has-animation content-color-5e5e5e aspect-4-5\"  data-style=\"image_above_text_underline\" data-border-radius=\"default\" data-animation=\"fade-in-from-right\" data-delay=\"0\" data-alignment=\"left\"><div class=\"image-wrap\"><div class=\"box-bg\" role=\"presentation\"  style=\"background-image: url('https:\/\/tomarnatural.pt\/wp-content\/uploads\/2021\/08\/Cultivo-Spirulina-Tomar-Natural-foto-C-768x1024.jpg'); \"><\/div><\/div>\n\t\t<div class=\"text\"><strong>3.<\/strong> A biomassa h\u00famida retida encontra-se j\u00e1 bastante concentrada dentro de uma tela a qual permite que continue a escorrer.<\/div> \n\t\t<\/div><\/div><\/div><\/div><div class=\"cell\"><div class=\"inner-wrap-outer\"><div class=\"inner-wrap\" ><div class=\"nectar-fancy-box nectar-underline using-img  has-animation content-color-5e5e5e aspect-4-5\"  data-style=\"image_above_text_underline\" data-border-radius=\"default\" data-animation=\"fade-in-from-right\" data-delay=\"0\" data-alignment=\"left\"><div class=\"image-wrap\"><div class=\"box-bg\" role=\"presentation\"  style=\"background-image: url('https:\/\/tomarnatural.pt\/wp-content\/uploads\/2021\/08\/Cultivo-Spirulina-Tomar-Natural-foto-D1.jpg'); \"><\/div><\/div>\n\t\t<div class=\"text\"><strong>4.<\/strong> As telas que cont\u00eam essa biomassa s\u00e3o levadas at\u00e9 \u00e0 prensa, que atrav\u00e9s de v\u00e1cuo, enxuga a biomassa suavemente at\u00e9 ficar com uma consist\u00eancia mold\u00e1vel.<\/div> \n\t\t<\/div><\/div><\/div><\/div><div class=\"cell\"><div class=\"inner-wrap-outer\"><div class=\"inner-wrap\" ><div class=\"nectar-fancy-box nectar-underline using-img  has-animation content-color-5e5e5e aspect-4-5\"  data-style=\"image_above_text_underline\" data-border-radius=\"default\" data-animation=\"fade-in-from-right\" data-delay=\"0\" data-alignment=\"left\"><div class=\"image-wrap\"><div class=\"box-bg\" role=\"presentation\"  style=\"background-image: url('https:\/\/tomarnatural.pt\/wp-content\/uploads\/2021\/08\/Cultivo-Spirulina-Tomar-Natural-foto-D2-1024x591.jpg'); \"><\/div><\/div>\n\t\t<div class=\"text\"><em>(tela com biomassa)<\/em><\/div> \n\t\t<\/div><\/div><\/div><\/div><div class=\"cell\"><div class=\"inner-wrap-outer\"><div class=\"inner-wrap\" ><div class=\"nectar-fancy-box nectar-underline using-img  has-animation content-color-5e5e5e aspect-4-5\"  data-style=\"image_above_text_underline\" data-border-radius=\"default\" data-animation=\"fade-in-from-right\" data-delay=\"0\" data-alignment=\"left\"><div class=\"image-wrap\"><div class=\"box-bg\" role=\"presentation\"  style=\"background-image: url('https:\/\/tomarnatural.pt\/wp-content\/uploads\/2021\/08\/Cultivo-Spirulina-Tomar-Natural-foto-E-768x1024.jpg'); \"><\/div><\/div>\n\t\t<div class=\"text\"><strong>5.<\/strong> A biomassa enxuta \u00e9 modelada em fios, tipo \u201cesparguete\u201d sobre tabuleiros, com recurso \u00e0 extrus\u00e3o.<\/div> \n\t\t<\/div><\/div><\/div><\/div><div class=\"cell\"><div class=\"inner-wrap-outer\"><div class=\"inner-wrap\" ><div class=\"nectar-fancy-box nectar-underline using-img  has-animation content-color-5e5e5e aspect-4-5\"  data-style=\"image_above_text_underline\" data-border-radius=\"default\" data-animation=\"fade-in-from-right\" data-delay=\"0\" data-alignment=\"left\"><div class=\"image-wrap\"><div class=\"box-bg\" role=\"presentation\"  style=\"background-image: url('https:\/\/tomarnatural.pt\/wp-content\/uploads\/2021\/08\/Cultivo-Spirulina-Tomar-Natural-foto-F-1024x683.jpg'); \"><\/div><\/div>\n\t\t<div class=\"text\"><em>(maquina de extrus\u00e3o)<\/em><\/div> \n\t\t<\/div><\/div><\/div><\/div><div class=\"cell\"><div class=\"inner-wrap-outer\"><div class=\"inner-wrap\" ><div class=\"nectar-fancy-box nectar-underline using-img  has-animation content-color-5e5e5e aspect-4-5\"  data-style=\"image_above_text_underline\" data-border-radius=\"default\" data-animation=\"fade-in-from-right\" data-delay=\"0\" data-alignment=\"left\"><div class=\"image-wrap\"><div class=\"box-bg\" role=\"presentation\"  style=\"background-image: url('https:\/\/tomarnatural.pt\/wp-content\/uploads\/2021\/08\/Cultivo-Spirulina-Tomar-Natural-foto-G-768x1024.jpg'); \"><\/div><\/div>\n\t\t<div class=\"text\"><strong>6.<\/strong> Em seguida os tabuleiros s\u00e3o colocados num desidratador el\u00e9trico, que atrav\u00e9s da circula\u00e7\u00e3o de ar, a baixa temperatura (37<sup>o<\/sup>.C.), desidrata a Spirulina at\u00e9 que fiquem estaladi\u00e7a e quebradi\u00e7a. A baixa temperatura da desidrata\u00e7\u00e3o \u00e9 um dos garantes de que a Spirulina mant\u00e9m intactas as propriedades nutricionais do produto, pois n\u00e3o danifica (n\u00e3o sujeita a oxida\u00e7\u00e3o, nem a sobreaquecimento) os seus nutrientes.<\/div> \n\t\t<\/div><\/div><\/div><\/div><div class=\"cell\"><div class=\"inner-wrap-outer\"><div class=\"inner-wrap\" ><div class=\"nectar-fancy-box nectar-underline using-img  has-animation content-color-5e5e5e aspect-4-5\"  data-style=\"image_above_text_underline\" data-border-radius=\"default\" data-animation=\"fade-in-from-right\" data-delay=\"0\" data-alignment=\"left\"><div class=\"image-wrap\"><div class=\"box-bg\" role=\"presentation\"  style=\"background-image: url('https:\/\/tomarnatural.pt\/wp-content\/uploads\/2021\/08\/Cultivo-Spirulina-Tomar-Natural-foto-H-1024x581.jpg'); \"><\/div><\/div>\n\t\t<div class=\"text\"><strong>7.<\/strong> Finalmente desidratados, os \u201cesparguetes\u201d da Spirulina s\u00e3o quebrados em \u201cpalhinhas\u201d manualmente e em movimentos suaves.<\/div> \n\t\t<\/div><\/div><\/div><\/div><div class=\"cell\"><div class=\"inner-wrap-outer\"><div class=\"inner-wrap\" ><div class=\"nectar-fancy-box nectar-underline using-img  has-animation content-color-5e5e5e aspect-4-5\"  data-style=\"image_above_text_underline\" data-border-radius=\"default\" data-animation=\"fade-in-from-right\" data-delay=\"0\" data-alignment=\"left\"><div class=\"image-wrap\"><div class=\"box-bg\" role=\"presentation\"  style=\"background-image: url('https:\/\/tomarnatural.pt\/wp-content\/uploads\/2021\/08\/Cultivo-Spirulina-Tomar-Natural-foto-I-LOW-683x1024.jpg'); \"><\/div><\/div>\n\t\t<div class=\"text\"><em>(A Spirulina est\u00e1 pronta, nesse momento para ser embalada e consumida .)<\/em><\/div> \n\t\t<\/div><\/div><\/div><\/div><div class=\"cell\"><div class=\"inner-wrap-outer\"><div class=\"inner-wrap\" ><div class=\"nectar-fancy-box nectar-underline using-img  has-animation content-color-5e5e5e aspect-4-5\"  data-style=\"image_above_text_underline\" data-border-radius=\"default\" data-animation=\"fade-in-from-right\" data-delay=\"0\" data-alignment=\"left\"><div class=\"image-wrap\"><div class=\"box-bg\" role=\"presentation\"  style=\"background-image: url('https:\/\/tomarnatural.pt\/wp-content\/uploads\/2021\/08\/Cultivo-Spirulina-Tomar-Natural-foto-J-LOW-683x1024.jpg'); \"><\/div><\/div>\n\t\t<div class=\"text\"><strong>8.<\/strong> Verificada e selada com o Selo de Qualidade da Tomar Natural.<\/div> \n\t\t<\/div><\/div><\/div><\/div><\/div><\/div><\/div>\n\t\t\t<\/div> \n\t\t<\/div>\n\t<\/div> \n<\/div><\/div>","protected":false},"excerpt":{"rendered":"Como se cultiva a Spirulina na Tomar Natural: A produ\u00e7\u00e3o de Spirulina Artesanal \u00e9 a primeira atividade da Tomar Natural. A nossa prioridade \u00e9 cuidar da sua qualidade, de modo...","protected":false},"author":1,"featured_media":0,"parent":0,"menu_order":0,"comment_status":"closed","ping_status":"closed","template":"","meta":{"_monsterinsights_skip_tracking":false,"_monsterinsights_sitenote_active":false,"_monsterinsights_sitenote_note":"","_monsterinsights_sitenote_category":0,"footnotes":""},"class_list":["post-9062","page","type-page","status-publish"],"jetpack_sharing_enabled":true,"_links":{"self":[{"href":"https:\/\/tomarnatural.pt\/en\/wp-json\/wp\/v2\/pages\/9062","targetHints":{"allow":["GET"]}}],"collection":[{"href":"https:\/\/tomarnatural.pt\/en\/wp-json\/wp\/v2\/pages"}],"about":[{"href":"https:\/\/tomarnatural.pt\/en\/wp-json\/wp\/v2\/types\/page"}],"author":[{"embeddable":true,"href":"https:\/\/tomarnatural.pt\/en\/wp-json\/wp\/v2\/users\/1"}],"replies":[{"embeddable":true,"href":"https:\/\/tomarnatural.pt\/en\/wp-json\/wp\/v2\/comments?post=9062"}],"version-history":[{"count":47,"href":"https:\/\/tomarnatural.pt\/en\/wp-json\/wp\/v2\/pages\/9062\/revisions"}],"predecessor-version":[{"id":9235,"href":"https:\/\/tomarnatural.pt\/en\/wp-json\/wp\/v2\/pages\/9062\/revisions\/9235"}],"wp:attachment":[{"href":"https:\/\/tomarnatural.pt\/en\/wp-json\/wp\/v2\/media?parent=9062"}],"curies":[{"name":"wp","href":"https:\/\/api.w.org\/{rel}","templated":true}]}}