{"id":531,"date":"2019-06-08T18:30:08","date_gmt":"2019-06-08T18:30:08","guid":{"rendered":"https:\/\/tomarnatural.pt\/?page_id=531"},"modified":"2019-06-08T18:51:17","modified_gmt":"2019-06-08T18:51:17","slug":"conselhos-de-utilizacao","status":"publish","type":"page","link":"https:\/\/tomarnatural.pt\/en\/conselhos-de-utilizacao\/","title":{"rendered":"Directions for use:"},"content":{"rendered":"<div id=\"fws_69f5374953171\"  data-column-margin=\"default\" data-midnight=\"dark\"  class=\"wpb_row vc_row-fluid vc_row\"  style=\"padding-top: 0px; padding-bottom: 0px; \"><div class=\"row-bg-wrap\" data-bg-animation=\"none\" data-bg-animation-delay=\"\" data-bg-overlay=\"false\"><div class=\"inner-wrap row-bg-layer\" ><div class=\"row-bg viewport-desktop\"  style=\"\"><\/div><\/div><\/div><div class=\"row_col_wrap_12 col span_12 dark left\">\n\t<div  class=\"vc_col-sm-2 wpb_column column_container vc_column_container col no-extra-padding\"  data-padding-pos=\"all\" data-has-bg-color=\"false\" data-bg-color=\"\" data-bg-opacity=\"1\" data-animation=\"\" data-delay=\"0\" >\n\t\t<div class=\"vc_column-inner\" >\n\t\t\t<div class=\"wpb_wrapper\">\n\t\t\t\t\n\t\t\t<\/div> \n\t\t<\/div>\n\t<\/div> \n\n\t<div  class=\"vc_col-sm-8 wpb_column column_container vc_column_container col centered-text no-extra-padding\"  data-padding-pos=\"all\" data-has-bg-color=\"false\" data-bg-color=\"\" data-bg-opacity=\"1\" data-animation=\"\" data-delay=\"0\" >\n\t\t<div class=\"vc_column-inner\" >\n\t\t\t<div class=\"wpb_wrapper\">\n\t\t\t\t<a class=\"nectar-button jumbo regular accent-color  regular-button\"  role=\"button\" style=\"\"  href=\"#\" data-color-override=\"false\" data-hover-color-override=\"false\" data-hover-text-color-override=\"#fff\"><span>Directions for use:<\/span><\/a>\n<div class=\"wpb_text_column wpb_content_element\" >\n\t<ul>\n<li>The recommended quantity is one to two teaspoons per day (3 to 6g).<\/li>\n<li>For those who start using spirulina, it is advisable that, in the first week, the consumption is gradual (starting with a coffee spoon), so that the body gets used to it and limits its detoxifying effects.<\/li>\n<li>To keep the properties of spirulina intact, it is advisable not to cook it.<\/li>\n<li>Add directly to cooked dishes such as pasta, rice, vegetables, salads, soups, etc.<\/li>\n<li>The spirulina sprinkles  can be mixed quickly in juices (preferably rich in vitamin C), smoothies or yoghurts, thus transmitting their properties to them.<\/li>\n<li>Store in a cool, dry place, protected from the sun.<\/li>\n<li>In case of heavy tiredness, or weakened health condition you can increase the daily quantity according to your needs up to three teaspoons (9\/10 g) per day.<\/li>\n<li>Spirulina from Tomar Natural will always be available in \u201csprinkles\u201d. If ordered in powder, we will ensure that the product is milled immediately before packaging, so that the time that Spirulina may be subject to oxidation is reduced.<\/li>\n<li>Including spirulina in your diet does not replace the practice of a varied and healthy diet nor does it dismiss regular physical exercise.<\/li>\n<\/ul>\n<p><b>Indicated for:<\/b><\/p>\n<ul>\n<li>Who wants to be healthy naturally: strengthens the immune system.<\/li>\n<li>Athletes: Promotes muscle development, red blood cell production and improves recovery and resistance to physical effort.<\/li>\n<li>Vegans and vegetarians: a source of high quality proteins that can be assimilated with numerous vitamins A, B, E and K.<\/li>\n<li>Periods of intense activity (stress, exams, intense sports).<\/li>\n<li>Periods of illness, in a state of convalescence, unbalanced or restrictive diets, provides essential nutrients needed and has a satiating effect.<\/li>\n<\/ul>\n<\/div>\n\n\n\n\n\t\t\t<\/div> \n\t\t<\/div>\n\t<\/div> \n\n\t<div  class=\"vc_col-sm-2 wpb_column column_container vc_column_container col no-extra-padding\"  data-padding-pos=\"all\" data-has-bg-color=\"false\" data-bg-color=\"\" data-bg-opacity=\"1\" data-animation=\"\" data-delay=\"0\" >\n\t\t<div class=\"vc_column-inner\" >\n\t\t\t<div class=\"wpb_wrapper\">\n\t\t\t\t\n\t\t\t<\/div> \n\t\t<\/div>\n\t<\/div> \n<\/div><\/div>","protected":false},"excerpt":{"rendered":"Conselhos de utiliza\u00e7\u00e3o A quantidade recomendada \u00e9 de uma a duas colheres de ch\u00e1 por dia (3 a 6g). Para quem se inicia no uso de spirulina, aconselha-se que na...","protected":false},"author":1,"featured_media":0,"parent":0,"menu_order":0,"comment_status":"closed","ping_status":"closed","template":"","meta":{"_monsterinsights_skip_tracking":false,"_monsterinsights_sitenote_active":false,"_monsterinsights_sitenote_note":"","_monsterinsights_sitenote_category":0,"footnotes":""},"class_list":["post-531","page","type-page","status-publish"],"jetpack_sharing_enabled":true,"_links":{"self":[{"href":"https:\/\/tomarnatural.pt\/en\/wp-json\/wp\/v2\/pages\/531","targetHints":{"allow":["GET"]}}],"collection":[{"href":"https:\/\/tomarnatural.pt\/en\/wp-json\/wp\/v2\/pages"}],"about":[{"href":"https:\/\/tomarnatural.pt\/en\/wp-json\/wp\/v2\/types\/page"}],"author":[{"embeddable":true,"href":"https:\/\/tomarnatural.pt\/en\/wp-json\/wp\/v2\/users\/1"}],"replies":[{"embeddable":true,"href":"https:\/\/tomarnatural.pt\/en\/wp-json\/wp\/v2\/comments?post=531"}],"version-history":[{"count":5,"href":"https:\/\/tomarnatural.pt\/en\/wp-json\/wp\/v2\/pages\/531\/revisions"}],"predecessor-version":[{"id":539,"href":"https:\/\/tomarnatural.pt\/en\/wp-json\/wp\/v2\/pages\/531\/revisions\/539"}],"wp:attachment":[{"href":"https:\/\/tomarnatural.pt\/en\/wp-json\/wp\/v2\/media?parent=531"}],"curies":[{"name":"wp","href":"https:\/\/api.w.org\/{rel}","templated":true}]}}