{"id":477,"date":"2019-06-08T16:55:57","date_gmt":"2019-06-08T16:55:57","guid":{"rendered":"https:\/\/tomarnatural.pt\/?page_id=477"},"modified":"2019-06-08T17:05:02","modified_gmt":"2019-06-08T17:05:02","slug":"energia","status":"publish","type":"page","link":"https:\/\/tomarnatural.pt\/en\/energia\/","title":{"rendered":"Energia"},"content":{"rendered":"<div id=\"fws_69f4e18b5a9b8\"  data-column-margin=\"default\" data-midnight=\"dark\"  class=\"wpb_row vc_row-fluid vc_row\"  style=\"padding-top: 0px; padding-bottom: 0px; \"><div class=\"row-bg-wrap\" data-bg-animation=\"none\" data-bg-animation-delay=\"\" data-bg-overlay=\"false\"><div class=\"inner-wrap row-bg-layer\" ><div class=\"row-bg viewport-desktop\"  style=\"\"><\/div><\/div><\/div><div class=\"row_col_wrap_12 col span_12 dark left\">\n\t<div  class=\"vc_col-sm-3 wpb_column column_container vc_column_container col no-extra-padding\"  data-padding-pos=\"all\" data-has-bg-color=\"false\" data-bg-color=\"\" data-bg-opacity=\"1\" data-animation=\"\" data-delay=\"0\" >\n\t\t<div class=\"vc_column-inner\" >\n\t\t\t<div class=\"wpb_wrapper\">\n\t\t\t\t\n\t\t\t<\/div> \n\t\t<\/div>\n\t<\/div> \n\n\t<div  class=\"vc_col-sm-6 wpb_column column_container vc_column_container col no-extra-padding\"  data-padding-pos=\"all\" data-has-bg-color=\"false\" data-bg-color=\"\" data-bg-opacity=\"1\" data-animation=\"\" data-delay=\"0\" >\n\t\t<div class=\"vc_column-inner\" >\n\t\t\t<div class=\"wpb_wrapper\">\n\t\t\t\t\n<div class=\"wpb_text_column wpb_content_element  wpb_animate_when_almost_visible wpb_fadeIn fadeIn\" >\n\t<h2><\/h2>\n<h4 style=\"text-align: center;\">Helps reduce fatigue<\/h4>\n<p style=\"text-align: center;\">(contains vitamins, essential minerals and trace elements)<\/p>\n<h4 style=\"text-align: center;\">Contributes positively to oxygenation and muscle recovery<\/h4>\n<p style=\"text-align: center;\">(contains protein, iron, vitamin B12, phycocyanin and beta-carotene)<\/p>\n<\/div>\n\n\n\n\n\t\t\t<\/div> \n\t\t<\/div>\n\t<\/div> \n\n\t<div  class=\"vc_col-sm-3 wpb_column column_container vc_column_container col no-extra-padding\"  data-padding-pos=\"all\" data-has-bg-color=\"false\" data-bg-color=\"\" data-bg-opacity=\"1\" data-animation=\"\" data-delay=\"0\" >\n\t\t<div class=\"vc_column-inner\" >\n\t\t\t<div class=\"wpb_wrapper\">\n\t\t\t\t\n\t\t\t<\/div> \n\t\t<\/div>\n\t<\/div> \n<\/div><\/div>","protected":false},"excerpt":{"rendered":"Ajuda na redu\u00e7\u00e3o do cansa\u00e7o (vitaminas, minerais essenciais e oligoelementos) Contribui positivamente para a oxigena\u00e7\u00e3o e recupera\u00e7\u00e3o muscular (prote\u00edna, ferro, vitamina B12, ficocianina e betacaroteno)","protected":false},"author":1,"featured_media":0,"parent":0,"menu_order":0,"comment_status":"closed","ping_status":"closed","template":"","meta":{"_monsterinsights_skip_tracking":false,"_monsterinsights_sitenote_active":false,"_monsterinsights_sitenote_note":"","_monsterinsights_sitenote_category":0,"footnotes":""},"class_list":["post-477","page","type-page","status-publish"],"jetpack_sharing_enabled":true,"_links":{"self":[{"href":"https:\/\/tomarnatural.pt\/en\/wp-json\/wp\/v2\/pages\/477","targetHints":{"allow":["GET"]}}],"collection":[{"href":"https:\/\/tomarnatural.pt\/en\/wp-json\/wp\/v2\/pages"}],"about":[{"href":"https:\/\/tomarnatural.pt\/en\/wp-json\/wp\/v2\/types\/page"}],"author":[{"embeddable":true,"href":"https:\/\/tomarnatural.pt\/en\/wp-json\/wp\/v2\/users\/1"}],"replies":[{"embeddable":true,"href":"https:\/\/tomarnatural.pt\/en\/wp-json\/wp\/v2\/comments?post=477"}],"version-history":[{"count":6,"href":"https:\/\/tomarnatural.pt\/en\/wp-json\/wp\/v2\/pages\/477\/revisions"}],"predecessor-version":[{"id":485,"href":"https:\/\/tomarnatural.pt\/en\/wp-json\/wp\/v2\/pages\/477\/revisions\/485"}],"wp:attachment":[{"href":"https:\/\/tomarnatural.pt\/en\/wp-json\/wp\/v2\/media?parent=477"}],"curies":[{"name":"wp","href":"https:\/\/api.w.org\/{rel}","templated":true}]}}